{"id":163,"date":"2012-06-13T11:08:08","date_gmt":"2012-06-13T09:08:08","guid":{"rendered":"http:\/\/mireillecifali.ch\/wp\/?page_id=163"},"modified":"2026-04-17T15:34:49","modified_gmt":"2026-04-17T13:34:49","slug":"biographie-de-mireille-cifali","status":"publish","type":"page","link":"https:\/\/mireillecifali.ch\/wp\/accueil-mireille-cifali\/biographie-de-mireille-cifali\/","title":{"rendered":">   Biographie"},"content":{"rendered":"<p style=\"text-align: justify;\"><span style=\"font-family: 'book antiqua', palatino, serif;\"><a title=\"Bonjour\" href=\"http:\/\/mireillecifali.ch\/wp\/\">Retour \u00e0 la page \u00ab\u00a0Bonjour\u00a0\u00bb<\/a><\/span><\/p>\n<h1 style=\"text-align: justify;\"><span style=\"color: #990000; font-family: 'book antiqua', palatino, serif;\">Une biographie,<\/span><\/h1>\n<h1 style=\"text-align: justify;\"><span style=\"font-family: 'book antiqua', palatino, serif;\">celle &nbsp;ancr\u00e9e dans une carri\u00e8re universitaire<\/span><\/h1>\n<p style=\"text-align: center;\"><span style=\"font-family: 'book antiqua', palatino, serif; font-size: 14pt;\"><strong>Entretien vid\u00e9o<br \/>\nr\u00e9alis\u00e9 par la Maison de l&rsquo;Histoire (Nadine Fink),<br \/>\nUniversit\u00e9 de Gen\u00e8ve,<br \/>\n<em>Les voix de l&rsquo;Universit\u00e9<\/em>, janvier 2015.<br \/>\nA \u00e9couter sur <a href=\"https:\/\/mediaserver.unige.ch\/play\/88239\" target=\"_blank\" rel=\"noopener noreferrer\">M\u00e9diaserver de l&rsquo;Universit\u00e9 de Gen\u00e8ve<\/a>.<\/strong><\/span><\/p>\n<table style=\"width: 100%;\" border=\"0\" cellspacing=\"0\" cellpadding=\"10\">\n<tbody>\n<tr>\n<td valign=\"center\" width=\"156\"><a href=\"https:\/\/mireillecifali.ch\/wp\/wp-content\/uploads\/2025\/01\/IMG_9480.jpeg\"><img loading=\"lazy\" decoding=\"async\" class=\"aligncenter size-medium wp-image-2516\" style=\"border: 2px solid #FEFDF0;\" src=\"https:\/\/mireillecifali.ch\/wp\/wp-content\/uploads\/2025\/01\/IMG_9480-300x225.jpeg\" alt=\"\" width=\"300\" height=\"225\"><\/a><\/td>\n<td valign=\"top\" width=\"50\">&nbsp;<\/td>\n<td valign=\"center\" width=\"156\"><a href=\"https:\/\/mireillecifali.ch\/wp\/wp-content\/uploads\/2025\/01\/IMG_9352.jpeg\"><img loading=\"lazy\" decoding=\"async\" class=\"aligncenter size-medium wp-image-12738\" style=\"border: 2px solid #FEFDF0;\" src=\"https:\/\/mireillecifali.ch\/wp\/wp-content\/uploads\/2025\/01\/IMG_9352-300x225.jpeg\" alt=\"\" width=\"300\" height=\"225\" srcset=\"https:\/\/mireillecifali.ch\/wp\/wp-content\/uploads\/2025\/01\/IMG_9352-300x225.jpeg 300w, https:\/\/mireillecifali.ch\/wp\/wp-content\/uploads\/2025\/01\/IMG_9352-1024x768.jpeg 1024w, https:\/\/mireillecifali.ch\/wp\/wp-content\/uploads\/2025\/01\/IMG_9352-768x576.jpeg 768w, https:\/\/mireillecifali.ch\/wp\/wp-content\/uploads\/2025\/01\/IMG_9352-1536x1152.jpeg 1536w, https:\/\/mireillecifali.ch\/wp\/wp-content\/uploads\/2025\/01\/IMG_9352.jpeg 1920w\" sizes=\"auto, (max-width: 300px) 100vw, 300px\" \/><\/a><\/td>\n<\/tr>\n<\/tbody>\n<\/table>\n<p style=\"text-align: justify; padding-left: 40px;\">&nbsp;<\/p>\n<p style=\"text-align: justify; padding-left: 40px;\"><span style=\"font-family: 'book antiqua', palatino, serif; font-size: 14pt;\">Historienne et psychanalyste, Mireille Cifali (n\u00e9e Mireille Pierrette&nbsp;<a href=\"http:\/\/fr.wikipedia.org\/wiki\/Lecoultre\" target=\"_blank\" rel=\"noopener noreferrer\">Le Coultre<\/a>[1]) occupe plusieurs fonctions au sein de la Section des sciences de l\u2019\u00e9ducation de l\u2019universit\u00e9 de Gen\u00e8ve, Suisse. D\u2019abord assistante des professeurs Michael Huberman et Constance Kamii (1973-1979), elle devient charg\u00e9e de cours (1981), professeur adjoint (1986) (\u00abApports des th\u00e9ories psychanalytiques au champ \u00e9ducatif\u00bb), puis professeur ordinaire (1997) (\u00abAnalyse du lien \u00e9ducatif\u00bb). Depuis 2010, elle est professeur honoraire.<\/span><\/p>\n<p>&nbsp;<\/p>\n<p style=\"text-align: justify; padding-left: 40px;\"><span style=\"font-family: 'book antiqua', palatino, serif; font-size: 14pt;\">Apr\u00e8s avoir obtenu sa maturit\u00e9 \u00e0 La Chaux-de-Fonds et r\u00e9alis\u00e9 des \u00e9tudes de lettres \u00e0 l\u2019Universit\u00e9 de Neuch\u00e2tel, elle poursuit sa formation en sciences de l\u2019\u00e9ducation, soutenant, sous la direction de Michel de Certeau, sa th\u00e8se de doctorat (1979) en partie publi\u00e9e sous le titre&nbsp;<em>Freud p\u00e9dagogue&nbsp;? Psychanalyse et \u00e9ducation<\/em>&nbsp;(1982).&nbsp;En tant qu\u2019historienne, elle cherche alors, avec Jeanne Moll et Francis Imbert, \u00e0 saisir comment, d\u00e8s le d\u00e9but du 20e&nbsp;si\u00e8cle, des p\u00e9dagogues se pr\u00e9occupent de psychanalyse. Avec Daniel Hameline, elle cr\u00e9e la Fondation des Archives Institut J.-J. Rousseau (1984).<\/span><\/p>\n<p>&nbsp;<\/p>\n<p style=\"text-align: justify; padding-left: 40px;\"><span style=\"font-family: 'book antiqua', palatino, serif; font-size: 14pt;\">En charge d\u2019un cours de premier cycle intitul\u00e9 \u00ab\u00a0D\u00e9veloppement, \u00e9ducation et relations intersubjectives\u00a0\u00bb, puis \u00ab\u00a0Dimensions relationnelles et affectives des m\u00e9tiers de l\u2019humain\u00a0\u00bb,&nbsp;son exigence est de permettre \u00e0 celles et ceux qui exercent ces m\u00e9tiers, ou s\u2019y pr\u00e9parent, de comprendre la dimension affective de leurs gestes et paroles. Elle privil\u00e9gie la transmission de ce domaine sensible. Pour ce faire, elle travaille sur le terrain avec les professionnels de l\u2019\u00e9ducation, de l\u2019enseignement, de la formation et du soin et, dans ses cours, recueille les r\u00e9cits des \u00e9tudiants. Elle peut ainsi \u00e9crire&nbsp;<em>Le lien \u00e9ducatif&nbsp;: contre-jour psychanalytique<\/em>&nbsp;(1994) puis&nbsp;<em>Dialogues et r\u00e9cits d\u2019\u00e9ducation sur la diff\u00e9rence<\/em>&nbsp;(avec Bessa Myftiu, 2006).<\/span><\/p>\n<p>&nbsp;<\/p>\n<p style=\"text-align: justify; padding-left: 40px;\"><span style=\"font-family: 'book antiqua', palatino, serif; font-size: 14pt;\">Elle \u0153uvre d\u00e8s lors \u00e0 d\u00e9finir une approche clinique en sciences de l\u2019\u00e9ducation, en coordonnant en particulier, depuis 2003, des symposiums (REF) d\u2019o\u00f9 sont issus des ouvrages collectifs&nbsp;: avec Giust-Desprairies F.,&nbsp;<em>De la clinique. Un engagement pour la recherche et la formation<\/em> (2005)&nbsp;et&nbsp;<em>Formation clinique et travail de la pens\u00e9e<\/em>&nbsp;(2008)&nbsp;; avec Th\u00e9berge M. &amp; Bourassa M., <em>Cliniques actuelles de l\u2019accompagnement<\/em>&nbsp;(2010); avec Thomas P\u00e9rilleux,&nbsp;<em>Les m\u00e9tiers de la relation malmen\u00e9s. R\u00e9pliques clinique<\/em>s&nbsp;(2012) et <em>Clinique du n\u00e9gatif : formation et enseignement sous tensions&nbsp;<\/em>(2013);&nbsp;<span class=\"\" lang=\"FR\">avec Florence&nbsp;<\/span><span class=\"\" lang=\"FR\">Giust-Desprairies et Thomas&nbsp;<\/span><span class=\"\" lang=\"FR\">P\u00e9rilleux,&nbsp;<\/span><span class=\"\" lang=\"FR\">&nbsp;<i class=\"\">Processus de cr\u00e9ation et processus cliniques (<\/i>2015) ; avec Sophie Grossman,&nbsp;<\/span><span class=\"\" lang=\"FR\">Florence&nbsp;<\/span><span class=\"\" lang=\"FR\">Giust-Desprairies et Thomas&nbsp;<\/span><span class=\"\" lang=\"FR\">P\u00e9rilleux,&nbsp;<\/span><i class=\"\">Pr\u00e9sences du corps dans l\u2019enseignement et la formation<\/i><span class=\"\">.&nbsp;<\/span><i class=\"\">Approches cliniques&nbsp;<\/i><span class=\"\">(2018).<\/span><\/span><\/p>\n<p>&nbsp;<\/p>\n<p style=\"text-align: justify; padding-left: 40px;\"><span style=\"font-family: 'book antiqua', palatino, serif; font-size: 14pt;\">De ses \u00e9tudes de lettres, elle conserve un go\u00fbt pour le litt\u00e9raire et son lien avec la construction des connaissances&nbsp;; elle r\u00e9dige, avec Alain Andr\u00e9,&nbsp;Ecrire l\u2019exp\u00e9rience. <em>Vers la reconnaissance des pratiques professionnelles<\/em>&nbsp;(2007).&nbsp;Elle donne de nombreuses conf\u00e9rences.<\/span><\/p>\n<p>&nbsp;<\/p>\n<p style=\"text-align: justify; padding-left: 40px;\"><span style=\"font-family: 'book antiqua', palatino, serif; font-size: 14pt;\">Depuis sa retraite, elle poursuit ses \u00e9critures, recueille des images, les assemble et pense les liens entre processus cliniques et processus de cr\u00e9ation. Elle y a consacr\u00e9 un site <a href=\"https:\/\/www.mireillecifali.com\/\" target=\"_blank\" rel=\"noopener\">Histoire d&rsquo;un regard. Fragments d&rsquo;une vie<\/a>.<\/span><\/p>\n<p>&nbsp;<\/p>\n<p>&nbsp;<\/p>\n<p style=\"text-align: justify;\"><span style=\"font-family: 'book antiqua', palatino, serif; font-size: 14pt;\">Son curriculum peut \u00eatre consult\u00e9 :&nbsp;<a href=\"https:\/\/mireillecifali.ch\/wp\/wp-content\/uploads\/2023\/07\/CURRICULUM-1973-2010.doc\" target=\"_blank\" rel=\"noopener\">CurriculumCifali1973-2010.<\/a>&nbsp;<\/span><br \/>\n<span style=\"font-family: 'book antiqua', palatino, serif; font-size: 14pt;\"><a href=\"https:\/\/mireillecifali.ch\/wp\/wp-content\/uploads\/2019\/03\/CURrestreint_73_2019.doc\" target=\"_blank\" rel=\"noopener noreferrer\">Curriculum restreint 2000-2019<\/a>.<\/span><br \/>\n<span style=\"font-family: 'book antiqua', palatino, serif; font-size: 14pt;\">Voir \u00e9galement la <a href=\"http:\/\/fr.wikipedia.org\/wiki\/Mireille_Cifali\" target=\"_blank\" rel=\"noopener noreferrer\">page wikip\u00e9dia Mireille Cifali<\/a><\/span><\/p>\n<p><span style=\"font-family: 'book antiqua', palatino, serif;\">&nbsp;[1] Cf. Arbre g\u00e9n\u00e9alogique des familles associ\u00e9es de <a href=\"http:\/\/gw.geneanet.org\/lecoultre?lang=fr;pz=pierre+francois+henri;nz=casalonga;ocz=0;p=mireille+pierrette;n=lecoultre\" target=\"_blank\" rel=\"noopener noreferrer\">Pierre Casalonga<\/a><\/span><\/p>\n<p style=\"text-align: justify;\"><span style=\"color: #666633; font-family: 'book antiqua', palatino, serif;\">Mots cl\u00e9s : Relation \u00e9ducative, psychanalyse et \u00e9ducation, d\u00e9marche clinique, formation, accompagnement, \u00e9criture professionnelle, r\u00e9cits d\u2019exp\u00e9rience, \u00e9thique et \u00e9criture, la Vall\u00e9e de Joux, Le Brassus, Le Chenit, La Chaux-de-Fonds, Gen\u00e8ve, Paris.<\/span><\/p>\n<p style=\"text-align: right;\"><span style=\"font-family: 'book antiqua', palatino, serif; font-size: 12pt;\"><span style=\"color: #990000;\">Mireille Cifali<\/span><\/span><br \/>\n<span style=\"font-family: 'book antiqua', palatino, serif;\"><span style=\"color: #990000;\">Une carri\u00e8re universitaire consacr\u00e9e aux m\u00e9tiers de l&rsquo;humain et une vie, \u00e0 l&rsquo;ouverture d&rsquo;un regard<\/span><\/span><\/p>\n","protected":false},"excerpt":{"rendered":"<p>Retour \u00e0 la page \u00ab\u00a0Bonjour\u00a0\u00bb Une biographie, celle &nbsp;ancr\u00e9e dans une carri\u00e8re universitaire Entretien vid\u00e9o r\u00e9alis\u00e9 par la Maison de l&rsquo;Histoire (Nadine Fink), Universit\u00e9 de Gen\u00e8ve, Les voix de l&rsquo;Universit\u00e9, janvier 2015. A \u00e9couter sur M\u00e9diaserver de l&rsquo;Universit\u00e9 de Gen\u00e8ve. &nbsp; &nbsp; Historienne et psychanalyste, Mireille Cifali (n\u00e9e Mireille Pierrette&nbsp;Le Coultre[1]) occupe plusieurs fonctions au sein de la Section des sciences de l\u2019\u00e9ducation de l\u2019universit\u00e9 de Gen\u00e8ve, Suisse. D\u2019abord assistante des professeurs Michael Huberman et Constance Kamii (1973-1979), elle devient charg\u00e9e de cours (1981), professeur adjoint (1986) (\u00abApports des th\u00e9ories psychanalytiques au champ \u00e9ducatif\u00bb), puis professeur ordinaire (1997) (\u00abAnalyse du lien \u00e9ducatif\u00bb). Depuis 2010, elle est professeur honoraire. &nbsp; Apr\u00e8s avoir obtenu sa maturit\u00e9 \u00e0 La Chaux-de-Fonds et r\u00e9alis\u00e9 des \u00e9tudes de lettres \u00e0 l\u2019Universit\u00e9 de Neuch\u00e2tel, elle poursuit sa formation en sciences de l\u2019\u00e9ducation, soutenant, sous la direction de Michel de Certeau, sa th\u00e8se de doctorat (1979) en partie publi\u00e9e sous le titre&nbsp;Freud p\u00e9dagogue&nbsp;? Psychanalyse et \u00e9ducation&nbsp;(1982).&nbsp;En tant qu\u2019historienne, elle cherche alors, avec Jeanne Moll et Francis Imbert, \u00e0 saisir comment, d\u00e8s le d\u00e9but du 20e&nbsp;si\u00e8cle, des p\u00e9dagogues se pr\u00e9occupent de psychanalyse. Avec Daniel Hameline, elle cr\u00e9e la Fondation des Archives Institut J.-J. Rousseau (1984). &nbsp; En charge d\u2019un cours de premier cycle intitul\u00e9 \u00ab\u00a0D\u00e9veloppement, \u00e9ducation et relations intersubjectives\u00a0\u00bb, puis \u00ab\u00a0Dimensions relationnelles et affectives des m\u00e9tiers de l\u2019humain\u00a0\u00bb,&nbsp;son exigence est de permettre \u00e0 celles et ceux qui exercent ces m\u00e9tiers, ou s\u2019y pr\u00e9parent, de comprendre la dimension affective de leurs gestes et paroles. Elle privil\u00e9gie la transmission de ce <a class=\"read-more\" href=\"https:\/\/mireillecifali.ch\/wp\/accueil-mireille-cifali\/biographie-de-mireille-cifali\/\">Continue Reading &#8594;<\/a><\/p>\n","protected":false},"author":2,"featured_media":0,"parent":38,"menu_order":1,"comment_status":"closed","ping_status":"closed","template":"","meta":{"_sitemap_exclude":false,"_sitemap_priority":"","_sitemap_frequency":"","_exactmetrics_skip_tracking":false,"_exactmetrics_sitenote_active":false,"_exactmetrics_sitenote_note":"","_exactmetrics_sitenote_category":0,"_monsterinsights_skip_tracking":false,"_monsterinsights_sitenote_active":false,"_monsterinsights_sitenote_note":"","_monsterinsights_sitenote_category":0,"ngg_post_thumbnail":0,"footnotes":""},"class_list":["post-163","page","type-page","status-publish","hentry"],"aioseo_notices":[],"_links":{"self":[{"href":"https:\/\/mireillecifali.ch\/wp\/wp-json\/wp\/v2\/pages\/163","targetHints":{"allow":["GET"]}}],"collection":[{"href":"https:\/\/mireillecifali.ch\/wp\/wp-json\/wp\/v2\/pages"}],"about":[{"href":"https:\/\/mireillecifali.ch\/wp\/wp-json\/wp\/v2\/types\/page"}],"author":[{"embeddable":true,"href":"https:\/\/mireillecifali.ch\/wp\/wp-json\/wp\/v2\/users\/2"}],"replies":[{"embeddable":true,"href":"https:\/\/mireillecifali.ch\/wp\/wp-json\/wp\/v2\/comments?post=163"}],"version-history":[{"count":172,"href":"https:\/\/mireillecifali.ch\/wp\/wp-json\/wp\/v2\/pages\/163\/revisions"}],"predecessor-version":[{"id":14176,"href":"https:\/\/mireillecifali.ch\/wp\/wp-json\/wp\/v2\/pages\/163\/revisions\/14176"}],"up":[{"embeddable":true,"href":"https:\/\/mireillecifali.ch\/wp\/wp-json\/wp\/v2\/pages\/38"}],"wp:attachment":[{"href":"https:\/\/mireillecifali.ch\/wp\/wp-json\/wp\/v2\/media?parent=163"}],"curies":[{"name":"wp","href":"https:\/\/api.w.org\/{rel}","templated":true}]}}