{"id":12430,"date":"2024-12-11T15:37:48","date_gmt":"2024-12-11T14:37:48","guid":{"rendered":"https:\/\/mireillecifali.ch\/wp\/?page_id=12430"},"modified":"2025-08-07T18:06:51","modified_gmt":"2025-08-07T16:06:51","slug":"carnet-20-regard-ancre-du-train-entre-geneve-et-la-chaux-de-fonds-2003-2016","status":"publish","type":"page","link":"https:\/\/mireillecifali.ch\/wp\/montage-dimages\/carnet-20-regard-ancre-du-train-entre-geneve-et-la-chaux-de-fonds-2003-2016\/","title":{"rendered":"> Carnet 20 Regard ancr\u00e9, du train entre Gen\u00e8ve et La Chaux-de-Fonds (2003-2016)"},"content":{"rendered":"<h1><span style=\"font-family: 'book antiqua', palatino, serif;\"><strong><span style=\"color: #990000;\">Carnet 20. Regard ancr\u00e9, du train entre Gen\u00e8ve et La Chaux-de-Fonds (2003-2016)<\/span><\/strong><\/span><\/h1>\n<p>&nbsp;<\/p>\n<div>\n<p style=\"font-weight: 400; padding-left: 320px; text-align: justify;\"><span style=\"font-family: 'book antiqua', palatino, serif; font-size: 12pt;\">\u00ab Regard ancr\u00e9 \u00bb, qu\u2019est-ce \u00e0 dire ?&nbsp;<\/span><\/p>\n<p style=\"font-weight: 400; padding-left: 320px; text-align: justify;\"><span style=\"font-family: 'book antiqua', palatino, serif; font-size: 12pt;\">Au fil du temps, mes pas se sont port\u00e9s dans diff\u00e9rents \u00ab&nbsp;lieux&nbsp;\u00bb, mes \u00ab&nbsp;endroits&nbsp;\u00bb qui m\u2019ont accueillie, abrit\u00e9e, construite, parfois meurtrie. Ils ont \u00e9t\u00e9 le t\u00e9moin de mes espoirs et de mes larmes. <\/span><\/p>\n<p style=\"font-weight: 400; padding-left: 320px; text-align: justify;\"><span style=\"font-size: 12pt;\"><span style=\"font-family: 'book antiqua', palatino, serif;\">Lieux d\u2019enfance, lieux choisis. Lieux d\u2019ici et d\u2019ailleurs.<\/span><span style=\"font-family: 'book antiqua', palatino, serif;\"><br \/>\nI<\/span><span style=\"font-family: 'book antiqua', palatino, serif;\">ls sont ces attaches qui me permettent de partir et de revenir, <em>andata e ritorno<\/em>. Il y en a, pour l\u2019instant, sept&nbsp;:<br \/>\nLa Chaux-de-Fonds, Gen\u00e8ve, Paris, Tirana, Chandolin, Gramsh et Qerret.<\/span><\/span><\/p>\n<p style=\"font-weight: 400; padding-left: 320px; text-align: justify;\"><span style=\"font-family: 'book antiqua', palatino, serif; font-size: 12pt;\">Les images saisies tissent certainement des liens entre eux.<\/span><\/p>\n<h4>&nbsp;<\/h4>\n<p style=\"padding-left: 80px; text-align: justify;\"><span style=\"font-family: 'book antiqua', palatino, serif; font-size: 14pt;\">De La Chaux-de-Fonds \u00e0 Gen\u00e8ve en passant par Neuch\u00e2tel se dessine une ligne d\u2019erre, tr\u00e8s t\u00f4t, d\u00e8s 1972.<br \/>\n<\/span><span style=\"font-family: 'book antiqua', palatino, serif; font-size: 14pt;\">Elle s\u2019inversa ensuite par le retour, presque chaque mois, dans la ville natale que n\u2019ont pas quitt\u00e9e mes parents.<\/span><\/p>\n<\/div>\n<div style=\"padding-left: 80px; text-align: justify;\"><span style=\"font-family: 'book antiqua', palatino, serif; font-size: 14pt;\">2003 fut l\u2019ouverture de mon regard, entre Gen\u00e8ve et Paris (Carnet1). <\/span><\/div>\n<div style=\"padding-left: 80px; text-align: justify;\"><span style=\"font-family: 'book antiqua', palatino, serif; font-size: 14pt;\">L\u2019autre trajet, ancrage familial, mon grand-p\u00e8re \u00e9tait chef de train, comporte des paysages familiers tant de fois travers\u00e9s sans \u00eatre retenus. <\/span><\/div>\n<div style=\"padding-left: 40px;\">&nbsp;<\/div>\n<div style=\"padding-left: 80px; text-align: justify;\"><span style=\"font-family: 'book antiqua', palatino, serif; font-size: 14pt;\">Cette ann\u00e9e-l\u00e0, 2003, j\u2019ai commenc\u00e9 \u00e0 les regarder, eux aussi. <\/span><\/div>\n<div style=\"padding-left: 80px; text-align: justify;\"><span style=\"font-family: 'book antiqua', palatino, serif; font-size: 14pt;\">Du bord du lac \u00e0 la mont\u00e9e vers La Chaux-de-Fonds, je me saisis des routes qui filent \u00e0 l\u2019horizon, symboles d\u2019une vie dont l\u2019avenir est une \u00e9nigme. <\/span><\/div>\n<div style=\"padding-left: 80px; text-align: justify;\"><span style=\"font-family: 'book antiqua', palatino, serif; font-size: 14pt;\">Je marque les saisons qui transforment les arbres. <\/span><\/div>\n<div style=\"padding-left: 80px; text-align: justify;\"><span style=\"font-family: 'book antiqua', palatino, serif; font-size: 14pt;\">J\u2019attends la cabane que je n\u2019ai jamais visit\u00e9e, refuge \u00e0 chaque fois transform\u00e9 par les couleurs du ciel et du lac, la vitesse du train et le d\u00e9clic trop tardif tronquant souvent l\u2019image. <\/span><\/div>\n<div style=\"padding-left: 40px;\">&nbsp;<\/div>\n<div style=\"padding-left: 80px; text-align: justify;\"><span style=\"font-family: 'book antiqua', palatino, serif; font-size: 14pt;\">Des lieux se sont ainsi r\u00e9v\u00e9l\u00e9s, par la r\u00e9p\u00e9tition des voyages et du regard. <\/span><\/div>\n<div style=\"padding-left: 80px; text-align: justify;\"><span style=\"font-family: 'book antiqua', palatino, serif; font-size: 14pt;\">Les images ne disent rien de mes peines, inqui\u00e9tudes, lourdeurs et plaisirs d\u2019une vie en transhumance. <\/span><\/div>\n<div style=\"padding-left: 40px;\">&nbsp;<\/div>\n<div style=\"padding-left: 80px; text-align: justify;\"><span style=\"font-family: 'book antiqua', palatino, serif; font-size: 14pt;\">Elles signent seulement ma pr\u00e9sence entre deux villes, mon entre-deux.<\/span><\/div>\n<div>&nbsp;<\/div>\n<div>&nbsp;<\/div>\n<p style=\"text-align: center;\"><span style=\"font-family: 'book antiqua', palatino, serif; font-size: 14pt;\"><strong>Pour regarder le carnet 20,<\/strong><\/span><br \/>\n<span style=\"font-family: 'book antiqua', palatino, serif; font-size: 14pt;\">je vous invite :<\/span><br \/>\n<span style=\"font-family: 'book antiqua', palatino, serif; font-size: 14pt;\">&#8211; ou \u00e0 <a href=\"https:\/\/indd.adobe.com\/view\/dda0e58a-3f75-4b9c-a36c-402c8daa7d7b\" target=\"_blank\" rel=\"noopener\">cliquer ici<\/a>.&nbsp;<\/span><br \/>\n<span style=\"font-family: 'book antiqua', palatino, serif; font-size: 14pt;\">&#8211; ou \u00e0 &nbsp;cliquer deux fois sur \u00ab\u00a0Voir maintenant\u00a0\u00bb,<\/span><br \/>\n<span style=\"font-family: 'book antiqua', palatino, serif; font-size: 14pt;\">vous serez \u00e0 chaque fois en mesure de le t\u00e9l\u00e9charger en pdf &nbsp; :<\/span><\/p>\n<p>&nbsp;<\/p>\n<p>&nbsp;<\/p>\n<p><iframe loading=\"lazy\" style=\"border: 1px solid #777;\" src=\"https:\/\/indd.adobe.com\/embed\/dda0e58a-3f75-4b9c-a36c-402c8daa7d7b?startpage=1&amp;allowFullscreen=true\" width=\"525px\" height=\"371px\" frameborder=\"0\" allowfullscreen=\"allowfullscreen\"><\/iframe><\/p>\n<p>&nbsp;<\/p>\n","protected":false},"excerpt":{"rendered":"<p>Carnet 20. Regard ancr\u00e9, du train entre Gen\u00e8ve et La Chaux-de-Fonds (2003-2016) &nbsp; \u00ab Regard ancr\u00e9 \u00bb, qu\u2019est-ce \u00e0 dire ?&nbsp; Au fil du temps, mes pas se sont port\u00e9s dans diff\u00e9rents \u00ab&nbsp;lieux&nbsp;\u00bb, mes \u00ab&nbsp;endroits&nbsp;\u00bb qui m\u2019ont accueillie, abrit\u00e9e, construite, parfois meurtrie. Ils ont \u00e9t\u00e9 le t\u00e9moin de mes espoirs et de mes larmes. Lieux d\u2019enfance, lieux choisis. Lieux d\u2019ici et d\u2019ailleurs. Ils sont ces attaches qui me permettent de partir et de revenir, andata e ritorno. Il y en a, pour l\u2019instant, sept&nbsp;: La Chaux-de-Fonds, Gen\u00e8ve, Paris, Tirana, Chandolin, Gramsh et Qerret. Les images saisies tissent certainement des liens entre eux. &nbsp; De La Chaux-de-Fonds \u00e0 Gen\u00e8ve en passant par Neuch\u00e2tel se dessine une ligne d\u2019erre, tr\u00e8s t\u00f4t, d\u00e8s 1972. Elle s\u2019inversa ensuite par le retour, presque chaque mois, dans la ville natale que n\u2019ont pas quitt\u00e9e mes parents. 2003 fut l\u2019ouverture de mon regard, entre Gen\u00e8ve et Paris (Carnet1). L\u2019autre trajet, ancrage familial, mon grand-p\u00e8re \u00e9tait chef de train, comporte des paysages familiers tant de fois travers\u00e9s sans \u00eatre retenus. &nbsp; Cette ann\u00e9e-l\u00e0, 2003, j\u2019ai commenc\u00e9 \u00e0 les regarder, eux aussi. Du bord du lac \u00e0 la mont\u00e9e vers La Chaux-de-Fonds, je me saisis des routes qui filent \u00e0 l\u2019horizon, symboles d\u2019une vie dont l\u2019avenir est une \u00e9nigme. Je marque les saisons qui transforment les arbres. J\u2019attends la cabane que je n\u2019ai jamais visit\u00e9e, refuge \u00e0 chaque fois transform\u00e9 par les couleurs du ciel et du lac, la vitesse du train et le d\u00e9clic trop tardif tronquant souvent <a class=\"read-more\" href=\"https:\/\/mireillecifali.ch\/wp\/montage-dimages\/carnet-20-regard-ancre-du-train-entre-geneve-et-la-chaux-de-fonds-2003-2016\/\">Continue Reading &#8594;<\/a><\/p>\n","protected":false},"author":4,"featured_media":0,"parent":11350,"menu_order":20,"comment_status":"closed","ping_status":"closed","template":"","meta":{"_sitemap_exclude":false,"_sitemap_priority":"","_sitemap_frequency":"","_exactmetrics_skip_tracking":false,"_exactmetrics_sitenote_active":false,"_exactmetrics_sitenote_note":"","_exactmetrics_sitenote_category":0,"_monsterinsights_skip_tracking":false,"_monsterinsights_sitenote_active":false,"_monsterinsights_sitenote_note":"","_monsterinsights_sitenote_category":0,"ngg_post_thumbnail":0,"footnotes":""},"class_list":["post-12430","page","type-page","status-publish","hentry"],"aioseo_notices":[],"_links":{"self":[{"href":"https:\/\/mireillecifali.ch\/wp\/wp-json\/wp\/v2\/pages\/12430","targetHints":{"allow":["GET"]}}],"collection":[{"href":"https:\/\/mireillecifali.ch\/wp\/wp-json\/wp\/v2\/pages"}],"about":[{"href":"https:\/\/mireillecifali.ch\/wp\/wp-json\/wp\/v2\/types\/page"}],"author":[{"embeddable":true,"href":"https:\/\/mireillecifali.ch\/wp\/wp-json\/wp\/v2\/users\/4"}],"replies":[{"embeddable":true,"href":"https:\/\/mireillecifali.ch\/wp\/wp-json\/wp\/v2\/comments?post=12430"}],"version-history":[{"count":14,"href":"https:\/\/mireillecifali.ch\/wp\/wp-json\/wp\/v2\/pages\/12430\/revisions"}],"predecessor-version":[{"id":13783,"href":"https:\/\/mireillecifali.ch\/wp\/wp-json\/wp\/v2\/pages\/12430\/revisions\/13783"}],"up":[{"embeddable":true,"href":"https:\/\/mireillecifali.ch\/wp\/wp-json\/wp\/v2\/pages\/11350"}],"wp:attachment":[{"href":"https:\/\/mireillecifali.ch\/wp\/wp-json\/wp\/v2\/media?parent=12430"}],"curies":[{"name":"wp","href":"https:\/\/api.w.org\/{rel}","templated":true}]}}